{"id":63,"date":"2022-05-10T22:02:04","date_gmt":"2022-05-10T20:02:04","guid":{"rendered":"http:\/\/www.farmasartori.it\/wp\/?page_id=63"},"modified":"2022-05-10T22:02:04","modified_gmt":"2022-05-10T20:02:04","slug":"orario-di-apertura","status":"publish","type":"page","link":"https:\/\/www.farmasartori.it\/wp\/?page_id=63","title":{"rendered":"Orario di apertura"},"content":{"rendered":"\n<p>Luned\u00ec 8.30-12.30  15.30-19.30<\/p>\n\n\n\n<p>Marted\u00ec 8.30-12.30  15.30-19.30<\/p>\n\n\n\n<p>Mercoled\u00ec (giorno di mercato) <strong>8.00<\/strong>-12.30  15.30-19.30<\/p>\n\n\n\n<p>Gioved\u00ec 8.30-12.30  15.30-19.30<\/p>\n\n\n\n<p>Venerd\u00ec 8.30-12.30  15.30-19.30<\/p>\n\n\n\n<p>Sabato 8.30-12.30  15.30-19.30<\/p>\n\n\n\n<p>Domenica : chiuso<\/p>\n","protected":false},"excerpt":{"rendered":"<p>Luned\u00ec 8.30-12.30 15.30-19.30 Marted\u00ec 8.30-12.30 15.30-19.30 Mercoled\u00ec (giorno di mercato) 8.00-12.30 15.30-19.30 Gioved\u00ec 8.30-12.30 15.30-19.30 Venerd\u00ec 8.30-12.30 15.30-19.30 Sabato 8.30-12.30 15.30-19.30 Domenica : chiuso<span class=\"more-link\"><a href=\"https:\/\/www.farmasartori.it\/wp\/?page_id=63\">continua a leggere<\/a><\/span><\/p>\n","protected":false},"author":1,"featured_media":0,"parent":0,"menu_order":0,"comment_status":"closed","ping_status":"closed","template":"","meta":{"om_disable_all_campaigns":false,"_monsterinsights_skip_tracking":false,"_monsterinsights_sitenote_active":false,"_monsterinsights_sitenote_note":"","_monsterinsights_sitenote_category":0,"footnotes":""},"class_list":["entry","author-sartori","post-63","page","type-page","status-publish"],"aioseo_notices":[],"_links":{"self":[{"href":"https:\/\/www.farmasartori.it\/wp\/index.php?rest_route=\/wp\/v2\/pages\/63","targetHints":{"allow":["GET"]}}],"collection":[{"href":"https:\/\/www.farmasartori.it\/wp\/index.php?rest_route=\/wp\/v2\/pages"}],"about":[{"href":"https:\/\/www.farmasartori.it\/wp\/index.php?rest_route=\/wp\/v2\/types\/page"}],"author":[{"embeddable":true,"href":"https:\/\/www.farmasartori.it\/wp\/index.php?rest_route=\/wp\/v2\/users\/1"}],"replies":[{"embeddable":true,"href":"https:\/\/www.farmasartori.it\/wp\/index.php?rest_route=%2Fwp%2Fv2%2Fcomments&post=63"}],"version-history":[{"count":1,"href":"https:\/\/www.farmasartori.it\/wp\/index.php?rest_route=\/wp\/v2\/pages\/63\/revisions"}],"predecessor-version":[{"id":64,"href":"https:\/\/www.farmasartori.it\/wp\/index.php?rest_route=\/wp\/v2\/pages\/63\/revisions\/64"}],"wp:attachment":[{"href":"https:\/\/www.farmasartori.it\/wp\/index.php?rest_route=%2Fwp%2Fv2%2Fmedia&parent=63"}],"curies":[{"name":"wp","href":"https:\/\/api.w.org\/{rel}","templated":true}]}}