{"id":3,"date":"2022-05-05T12:37:35","date_gmt":"2022-05-05T10:37:35","guid":{"rendered":"http:\/\/www.farmasartori.it\/wp\/?page_id=3"},"modified":"2023-05-28T18:53:15","modified_gmt":"2023-05-28T16:53:15","slug":"privacy-policy","status":"publish","type":"page","link":"https:\/\/www.farmasartori.it\/wp\/?page_id=3","title":{"rendered":"Privacy Policy"},"content":{"rendered":"\n<p><strong>PRIVACY&nbsp;<\/strong><strong>E<\/strong><strong>COOKIE<\/strong><strong>&nbsp;POLICY<\/strong><\/p>\n\n\n\n<p>La presente Privacy e Cookie Policy si riferisce ai trattamenti dei dati da lei forniti per la prenotazione, l\u2019organizzazione e la gestione degli appuntamenti per effettuare servizi sanitari e altri servizi di consulenza o altrimenti acquisiti in occasione della visita al Sito internet (di seguito il \u201c<strong>Sito<\/strong>\u201c) o dell\u2019utilizzo dei contatti aziendali forniti tramite il sito stesso ai sensi dell\u2019art. 13 del Regolamento EU 2016\/679 (di seguito \u201c<strong>Regolamento<\/strong>\u201c).<\/p>\n\n\n\n<ol class=\"wp-block-list\">\n<li><strong>TITOLARE DEL TRATTAMENTO E DATI DI CONTATTO<\/strong><\/li>\n<\/ol>\n\n\n\n<p>Ai sensi dell\u2019art. 4 del Regolamento, il Titolare del Trattamento \u00e8 Farmacia Sartori ai due Gigli SNC (di seguito \u201c<strong>Titolare<\/strong>\u201c), con sede legale in piazza Mazzini, 19 BREGANZE, CAP 36042. Per qualsiasi informazione o per far valere i diritti di cui al punto 5 il Titolare \u00e8 reperibile ai seguenti contatti:<\/p>\n\n\n\n<p>telefono e posta elettronica:<\/p>\n\n\n\n<p>0445 873 113<\/p>\n\n\n\n<p>ordini@farmasartori.it<\/p>\n\n\n\n<p>Non \u00e8 prevista e nominata la figura del Responsabile della Protezione dei Dati come specificato dal Provvedimento del Garante per la protezione dei dati personali n. 55 del 7 marzo 2019.<\/p>\n\n\n\n<ol class=\"wp-block-list\" start=\"2\">\n<li><strong>CATEGORIE DI DATI TRATTATI E FINALITA\u2019 DEL TRATTAMENTO<\/strong><\/li>\n<\/ol>\n\n\n\n<p><strong>2.1&nbsp;<\/strong><strong>DATI&nbsp;<\/strong><strong>DI&nbsp;<\/strong><strong>NAVIGAZIONE<\/strong><\/p>\n\n\n\n<p>I Sistemi informatici e le procedure software preposte al funzionamento del Sito acquisiscono, nel corso del loro normale esercizio, alcuni dati personali la cui trasmissione \u00e8 implicita nell\u2019uso dei protocolli di comunicazione di Internet. Si tratta di informazioni che non sono raccolte per essere associate a interessati identificati, ma che per loro stessa natura potrebbero, attraverso elaborazioni ed associazioni con dati detenuti da terzi, permettere di identificare gli utenti. In questa categoria di dati rientrano gli indirizzi IP o i nomi a dominio dei computer utilizzati dagli utenti che si connettono al Sito, gli indirizzi in notazione URI (Uniform Resource Identifier) delle risorse richieste, l\u2019orario della richiesta, il metodo utilizzato nel sottoporre la richiesta al server, la dimensione del file ottenuto in risposta, il codice numerico indicante lo stato della risposta data dal server (buon fine, errore, etc.) ed altri parametri relativi al sistema operativo e all\u2019ambiente informatico dell\u2019utente.<\/p>\n\n\n\n<p>Questi dati vengono visualizzati solo dal provider, e vengono utilizzati al fine di accertare la responsabilit\u00e0 in caso di ipotetici reati informatici ai danni del sito o di terzi.<\/p>\n\n\n\n<p><strong>2.2&nbsp;<\/strong><strong>DATI&nbsp;<\/strong><strong>FORNITI&nbsp;<\/strong><strong>DALL\u2019INTERESSATO<\/strong><\/p>\n\n\n\n<p>La raccolta di dati personali degli utenti avviene attraverso la compilazione del form di contatto o di prenotazione servizi. Ci\u00f2 comporta la raccolta, da parte del Titolare, dei dati personali richiesti o trasmessi volontariamente contenuti in eventuali comunicazioni inviate direttamente dall\u2019interessato.<\/p>\n\n\n\n<p>I dati personali raccolti attraverso queste modalit\u00e0 verranno utilizzati dal Titolare al solo fine di:<\/p>\n\n\n\n<ol class=\"wp-block-list\" type=\"a\">\n<li>fornire le informazioni e\/o i servizi richiesti;<\/li>\n\n\n\n<li>fornire eventuali successive comunicazioni correlate.<\/li>\n<\/ol>\n\n\n\n<p>La base giuridica che legittima il trattamento \u00e8 l\u2019esecuzione di un contratto di cui l\u2019interessato \u00e8 parte o l\u2019esecuzione di misure precontrattuali adottate su richiesta dello stesso. Il conferimento dei dati \u00e8 facoltativo e l\u2019eventuale rifiuto comporter\u00e0 l\u2019impossibilit\u00e0 per il Titolare di dar corso agli impegni contrattuali assunti e\/o di dare risposta alle richieste del cliente espresse tramite i contatti presenti nel sito.<\/p>\n\n\n\n<ol class=\"wp-block-list\" start=\"2\">\n<li><strong>COOKIE<\/strong><\/li>\n<\/ol>\n\n\n\n<p>Grazie ai cookie un sito ricorda le azioni e preferenze dell\u2019utente (come, ad esempio; i dati di login, la lingua prescelta, le dimensioni dei caratteri, altre impostazioni di visualizzazione, ecc.) in modo che non debbano essere indicate nuovamente quando l\u2019utente torni a visitare detto sito o navighi da una pagina all\u2019altra di esso. I cookie, quindi, sono usati per eseguire autenticazioni informatiche, monitoraggio di sessioni e memorizzazione di informazioni riguardanti le attivit\u00e0 degli utenti che accedono ad un sito e possono contenere anche un codice identificativo unico che consente di tenere traccia della navigazione dell\u2019utente all\u2019interno del sito stesso per finalit\u00e0 statistiche o pubblicitarie.<\/p>\n\n\n\n<p>Alcune operazioni non potrebbero essere compiute senza l\u2019uso dei cookie, che in certi casi sono quindi tecnicamente necessari per lo stesso funzionamento del sito.<\/p>\n\n\n\n<p>Nel corso della navigazione su un sito, l\u2019utente pu\u00f2 ricevere sul suo computer o dispositivo mobile anche cookie di siti o di web server diversi da quello che sta visitando (c.d. cookie di \u201cterze parti\u201d).<\/p>\n\n\n\n<p>Un esempio comune di Cookie di terze parti \u00e8 Google Analytics, la cui informativa fornita da Google \u00e8 consultabile al seguente indirizzo:&nbsp;<a href=\"http:\/\/www.google.com\/intl\/en\/analytics\/privacyoverview.html\"><u>http:\/\/www.google.com\/intl\/en\/analytics\/privacyoverview.html<\/u><\/a><\/p>\n\n\n\n<p><em>Si&nbsp;<\/em><em>individuano due<\/em><em>macro-categorie:<\/em><\/p>\n\n\n\n<ol class=\"wp-block-list\" start=\"2\">\n<li>COOKIE TECNICI.<\/li>\n<\/ol>\n\n\n\n<p>Sono i cookie utilizzati al solo fine di effettuare la trasmissione di una comunicazione su una rete di comunicazione elettronica, o nella misura strettamente necessaria per erogare un servizio esplicitamente richiesto dall\u2019utente. Si tratta, in altre parole, di cookie indispensabili per il funzionamento del sito o necessari per eseguire attivit\u00e0 richieste dall\u2019utente. Per l\u2019installazione di tali cookie non \u00e8 richiesto il preventivo consenso degli utenti, fermo restando l\u2019obbligo di dare l\u2019informativa all\u2019utente. I cookie tecnici verranno quindi sempre utilizzati e inviati, a meno che l\u2019utenza non modifichi le impostazioni nel proprio browser. Possono essere suddivisi in a) cookie di navigazione o di sessione, che garantiscono la normale navigazione e fruizione del sito web (permettendo, ad esempio, di autenticarsi per accedere ad aree riservate); b) Cookie di analisi (cookie analytics), assimilati ai cookie tecnici laddove utilizzati direttamente dal gestore del sito per raccogliere informazioni, in forma aggregata, sul numero degli utenti e su come questi visitano il sito stesso e comprendere quali parti o elementi siano maggiormente apprezzati; c) cookie di funzionalit\u00e0, che permettono all\u2019utente la navigazione in funzione di una serie di criteri selezionati (ad esempio, la lingua, i prodotti selezionati per l\u2019acquisto) al fine di migliorare il servizio reso allo stesso. I cookie tecnici possono essere: \uf02d\uf020persistenti: una volta chiuso il browser non vengono distrutti ma rimangono fino ad una data di scadenza preimpostata \uf02d\uf020di sessione: vengono distrutti ogni volta che il browser viene chiuso<\/p>\n\n\n\n<ol class=\"wp-block-list\" start=\"2\">\n<li>COOKIE DI PROFILAZIONE.<\/li>\n<\/ol>\n\n\n\n<p>I cookie di profilazione sono volti a creare profili relativi all\u2019utente e vengono utilizzati al fine di inviare messaggi pubblicitari in linea con le preferenze manifestate dallo stesso nell\u2019ambito della navigazione in rete. In ragione della particolare invasivit\u00e0 che tali dispositivi possono avere nell\u2019ambito della sfera privata degli utenti, la normativa europea e italiana prevede che l\u2019utente debba essere adeguatamente informato sull\u2019uso degli stessi ed esprimere cos\u00ec il proprio valido consenso.<\/p>\n\n\n\n<p><strong>GESTIONE&nbsp;<\/strong><strong>DEI&nbsp;<\/strong><strong>COOKIES<\/strong><\/p>\n\n\n\n<p>In ogni momento, l\u2019utente pu\u00f2 rifiutare di accettare tutti o alcuni dei cookies utilizzati da questo sito web semplicemente selezionando, sul proprio browser, le impostazioni che consentono di rifiutarli. Ogni<\/p>\n\n\n\n<p>browser ha specifiche istruzioni di configurazione. Ulteriori informazioni in merito alle procedure da seguire per disabilitare i cookie possono essere trovati sul sito internet del fornitore del browser.<\/p>\n\n\n\n<ul class=\"wp-block-list\">\n<li>Google Chrome: <a href=\"https:\/\/support.google.com\/chrome\/answer\/95647?hl=it\">https:\/\/support.google.com\/chrome\/answer\/95647?hl=it<\/a><\/li>\n\n\n\n<li>Mozilla Firefox:&nbsp;<a href=\"http:\/\/support.mozilla.org\/it\/kb\/Attivare%20e%20disattivare%20i%20cookie\"><u>http:\/\/support.mozilla.org\/it\/kb\/Attivare%20e%20disattivare%20i%20cookie<\/u><\/a><\/li>\n\n\n\n<li>Internet Explorer: <a href=\"https:\/\/support.microsoft.com\/it-it\/help\/17442\/windows-internet-explorer- delete-manage-cookies\">https:\/\/support.microsoft.com\/it-it\/help\/17442\/windows-internet-explorer- delete-manage-cookies<\/a><\/li>\n\n\n\n<li>Apple Safari: <a href=\"https:\/\/support.apple.com\/it-it\/guide\/safari\/sfri11471\/mac\">https:\/\/support.apple.com\/it-it\/guide\/safari\/sfri11471\/mac<\/a><\/li>\n<\/ul>\n\n\n\n<p>Per disabilitare soltanto l\u2019uso dei cookie di Google Analytics \u00e8 possibile utilizzare il componente aggiuntivo messo a disposizione da Google al seguente collegamento seguendo la procedura indicata da<\/p>\n\n\n\n<p>Google https:\/\/tools.google.com\/dlpage\/gaoptout?hl=it<\/p>\n\n\n\n<p>Disabilitando i cookie \u00e8 ancora possibile utilizzare alcune parti del sito web, ma alcuni servizi potrebbero non essere utilizzabili.<\/p>\n\n\n\n<p><strong>TIPOLOGIE&nbsp;<\/strong><strong>DI&nbsp;<\/strong><strong>COOKIE&nbsp;<\/strong><strong>UTILIZZATI&nbsp;<\/strong><strong>DAL&nbsp;<\/strong><strong>SITO<\/strong><\/p>\n\n\n\n<p>Questo sito utilizza cookie tecnici di sessione al fine di migliorare la tua esperienza di navigazione.<\/p>\n\n\n\n<ol class=\"wp-block-list\">\n<li><strong>DESTINATARI DEI DATI PERSONALI<\/strong><\/li>\n<\/ol>\n\n\n\n<p>Il trattamento dei dati raccolti \u00e8 effettuato dal personale a tal fine individuato e autorizzato al trattamento secondo specifiche istruzioni impartite nel rispetto della normativa vigente. I dati raccolti, qualora sia necessario per l\u2019esecuzione delle indicate finalit\u00e0, potranno essere trattati da terzi specificatamente autorizzati o nominati Responsabili esterni del trattamento, ovvero, a seconda dei casi, comunicati agli stessi quali autonomi titolari, e precisamente ad aziende, associazioni e professionisti (sia persone fisiche sia persone giuridiche) che prestino attivit\u00e0 di assistenza e consulenza al Titolare) e\/o che svolgono servizi connessi alla esecuzione delle finalit\u00e0 indicate.<\/p>\n\n\n\n<p>Il titolare si impegna ad affidare i dati esclusivamente a soggetti che per connotazione tecnologica, esperienza, capacit\u00e0 e affidabilit\u00e0 forniscano idonea garanzia del pieno rispetto del Regolamento, con particolare riguardo alla sicurezza dei dati e al rispetto delle libert\u00e0 fondamentali dell\u2019interessato.<\/p>\n\n\n\n<p>I Suoi dati personali non saranno oggetto di diffusione.<\/p>\n\n\n\n<ol class=\"wp-block-list\" start=\"2\">\n<li><strong>PERIODO DI CONSERVAZIONE DEI DATI<\/strong><\/li>\n<\/ol>\n\n\n\n<p>Tutti i dati verranno conservati per il tempo necessario all\u2019espletamento degli eventuali adempimenti, anche di natura fiscale o contabile, connessi o derivanti allo specifico servizio richiesto, ai sensi del art. 5, comma 1, lettera e) del Regolamento.<\/p>\n\n\n\n<ol class=\"wp-block-list\" start=\"3\">\n<li><strong>DIRITTI DELL\u2019INTERESSATO<\/strong><\/li>\n<\/ol>\n\n\n\n<p>La informiamo che ha diritto a richiedere al Titolare del trattamento:<\/p>\n\n\n\n<ol class=\"wp-block-list\">\n<li>l\u2019accesso ai propri dati (art. 15 del Regolamento);<\/li>\n\n\n\n<li>la rettifica dei dati (art. 16);<\/li>\n\n\n\n<li>la cancellazione dei dati (art. 17);<\/li>\n\n\n\n<li>la limitazione di trattamento (art. 18).<\/li>\n<\/ol>\n\n\n\n<p>Inoltre ha diritto:<\/p>\n\n\n\n<ol class=\"wp-block-list\">\n<li>ad opporsi al trattamento dei dati (art. 21);<\/li>\n\n\n\n<li>alla portabilit\u00e0 dei dati (art. 20).<\/li>\n<\/ol>\n\n\n\n<p>Si ricorda infine che ha il diritto di porre reclamo all\u2019autorit\u00e0 di controllo ove ritenga che vi sia stata una violazione dei Suoi dati e ha il diritto a revocare il consenso dato in qualsiasi momento, senza che ci\u00f2 pregiudichi la liceit\u00e0 del trattamento effettuato prima della revoca.<\/p>\n\n\n\n<p>Potr\u00e0 in qualsiasi momento esercitare i suoi diritti contattando il Titolare o scrivendo una mail ai recapiti indicati al punto 1.<\/p>\n\n\n\n<ol class=\"wp-block-list\" start=\"4\">\n<li><strong>MODALITA\u2019 DI TRATTAMENTO DEI DATI<\/strong><\/li>\n<\/ol>\n\n\n\n<p>Il trattamento dei dati personali che la riguardano verr\u00e0 effettuato secondo i principi di liceit\u00e0, correttezza e trasparenza, a tutela della sua riservatezza e dei suoi diritti. Il Titolare si impegna inoltre a trattare i Suoi dati nel rispetto del principio di \u201cminimizzazione\u201d, cio\u00e8 acquisendo e trattando i dati limitatamente a quanto necessario e con modalit\u00e0 organizzative e logiche strettamente correlate al rispetto delle finalit\u00e0 dichiarate. Tali dati saranno memorizzati su supporti informatici, su supporti cartacei e su ogni altro tipo di supporto idoneo, nel rispetto del Regolamento, adottando le opportune misure di sicurezza volte a impedire accessi non autorizzati, divulgazione, modifica o distruzione non autorizzata dei dati.<\/p>\n","protected":false},"excerpt":{"rendered":"<p>PRIVACY&nbsp;ECOOKIE&nbsp;POLICY La presente Privacy e Cookie Policy si riferisce ai trattamenti dei dati da lei forniti per la prenotazione, l\u2019organizzazione e la gestione degli appuntamenti per effettuare servizi sanitari e altri servizi di consulenza o altrimenti acquisiti in occasione della visita al Sito internet (di seguito il \u201cSito\u201c) o dell\u2019utilizzo<span class=\"more-link\"><a href=\"https:\/\/www.farmasartori.it\/wp\/?page_id=3\">continua a leggere<\/a><\/span><\/p>\n","protected":false},"author":1,"featured_media":0,"parent":0,"menu_order":0,"comment_status":"closed","ping_status":"open","template":"","meta":{"om_disable_all_campaigns":false,"_monsterinsights_skip_tracking":false,"_monsterinsights_sitenote_active":false,"_monsterinsights_sitenote_note":"","_monsterinsights_sitenote_category":0,"footnotes":""},"class_list":["entry","author-sartori","post-3","page","type-page","status-publish"],"aioseo_notices":[],"_links":{"self":[{"href":"https:\/\/www.farmasartori.it\/wp\/index.php?rest_route=\/wp\/v2\/pages\/3","targetHints":{"allow":["GET"]}}],"collection":[{"href":"https:\/\/www.farmasartori.it\/wp\/index.php?rest_route=\/wp\/v2\/pages"}],"about":[{"href":"https:\/\/www.farmasartori.it\/wp\/index.php?rest_route=\/wp\/v2\/types\/page"}],"author":[{"embeddable":true,"href":"https:\/\/www.farmasartori.it\/wp\/index.php?rest_route=\/wp\/v2\/users\/1"}],"replies":[{"embeddable":true,"href":"https:\/\/www.farmasartori.it\/wp\/index.php?rest_route=%2Fwp%2Fv2%2Fcomments&post=3"}],"version-history":[{"count":5,"href":"https:\/\/www.farmasartori.it\/wp\/index.php?rest_route=\/wp\/v2\/pages\/3\/revisions"}],"predecessor-version":[{"id":94,"href":"https:\/\/www.farmasartori.it\/wp\/index.php?rest_route=\/wp\/v2\/pages\/3\/revisions\/94"}],"wp:attachment":[{"href":"https:\/\/www.farmasartori.it\/wp\/index.php?rest_route=%2Fwp%2Fv2%2Fmedia&parent=3"}],"curies":[{"name":"wp","href":"https:\/\/api.w.org\/{rel}","templated":true}]}}